{"id":138,"date":"2021-08-10T14:22:19","date_gmt":"2021-08-10T14:22:19","guid":{"rendered":"https:\/\/calmaylagom.eu\/index.php\/hestia-front\/"},"modified":"2021-12-23T13:39:49","modified_gmt":"2021-12-23T13:39:49","slug":"hestia-front","status":"publish","type":"page","link":"https:\/\/calmaylagom.eu\/","title":{"rendered":"Bienvenida"},"content":{"rendered":"<p>Bienvenido a la web donde encontrar\u00e1s informaci\u00f3n sobre calma y lagom y sobre todo mucha m\u00e1s informaci\u00f3n sobre c\u00f3mo llevar un estilo de vida m\u00e1s saludable.<\/p>\n<p>La web est\u00e1 en continuo desarrollo as\u00ed que disculpa si encuentras errores o fallos. Si es as\u00ed, por favor comun\u00edcalo. De los errores se aprende mucho.<\/p>\n<p>Algunos enlaces para comenzar:<\/p>\n<p><a href=\"https:\/\/es.wikipedia.org\/wiki\/Lagom\" target=\"_blank\" rel=\"noopener\">\u00bfQu\u00e9 es lagom?\u00a0<\/a><\/p>\n<p>Los <a href=\"https:\/\/healingforest.org\/\" target=\"_blank\" rel=\"noopener\">bosques<\/a>, esos lugares maravillosos en los que perderse y disfrutar de la naturaleza<\/p>\n<p>La fotograf\u00eda, y la fotograf\u00eda de la naturaleza. Aprendiendo de los mejores como por ejemplo:<\/p>\n<p><a href=\"https:\/\/paulmiguel.co.uk\/\" target=\"_blank\" rel=\"noopener\">Paul Miguel<\/a><\/p>\n<p><a href=\"https:\/\/www.photopills.com\/\" target=\"_blank\" rel=\"noopener\">Photopills<\/a><\/p>\n<p>Y muchas m\u00e1s cosas que ir\u00e1n apareciendo.<\/p>\n","protected":false},"excerpt":{"rendered":"<p>Bienvenido a la web donde encontrar\u00e1s informaci\u00f3n sobre calma y lagom y sobre todo mucha m\u00e1s informaci\u00f3n sobre c\u00f3mo llevar un estilo de vida m\u00e1s saludable. La web est\u00e1 en continuo desarrollo as\u00ed que disculpa si encuentras errores o fallos. Si es as\u00ed, por favor comun\u00edcalo. De los errores se aprende mucho. Algunos enlaces para [&hellip;]<\/p>\n","protected":false},"author":1,"featured_media":0,"parent":0,"menu_order":0,"comment_status":"closed","ping_status":"closed","template":"","meta":{"footnotes":""},"class_list":["post-138","page","type-page","status-publish","hentry"],"jetpack-related-posts":[{"id":2,"url":"https:\/\/calmaylagom.eu\/index.php\/sample-page\/","url_meta":{"origin":138,"position":0},"title":"Sobre el autor","author":"admin","date":"2021-08-08","format":false,"excerpt":"Jos\u00e9 - Luis Guti\u00e9rrez Villanueva trabaja como especialista en la medida de gas rad\u00f3n en la empresa Radonova Laboratories AB en Uppsala, Suecia.\u00a0 \u00bfQu\u00e9 es lo que me interesa? pues muchas cosas adem\u00e1s de mi trabajo que me apasiona Fotograf\u00eda: una afici\u00f3n que me viene de lejos. Recuerdo en la\u2026","rel":"","context":"With 1 comment","block_context":{"text":"With 1 comment","link":"https:\/\/calmaylagom.eu\/index.php\/sample-page\/#comments"},"img":{"alt_text":"","src":"","width":0,"height":0},"classes":[]},{"id":472,"url":"https:\/\/calmaylagom.eu\/index.php\/emergencia-climatica\/","url_meta":{"origin":138,"position":1},"title":"emergencia clim\u00e1tica","author":"admin","date":"2023-02-05","format":false,"excerpt":"Media mensual global de CO2 He decidido a\u00f1adir esta p\u00e1gina a la web porque desde hace bastante tiempo estoy tremendamente interesado en el cambio clim\u00e1tico, o, mejor dicho, en la emergencia clim\u00e1tica. Poco a poco voy a ir a\u00f1adiendo contenido a la p\u00e1gina con referencias, im\u00e1genes, y todo el material\u2026","rel":"","context":"Similar post","block_context":{"text":"Similar post","link":""},"img":{"alt_text":"","src":"https:\/\/i0.wp.com\/calmaylagom.eu\/wp-content\/uploads\/2023\/02\/co2_trend_all_gl.png?resize=350%2C200&ssl=1","width":350,"height":200,"srcset":"https:\/\/i0.wp.com\/calmaylagom.eu\/wp-content\/uploads\/2023\/02\/co2_trend_all_gl.png?resize=350%2C200&ssl=1 1x, https:\/\/i0.wp.com\/calmaylagom.eu\/wp-content\/uploads\/2023\/02\/co2_trend_all_gl.png?resize=525%2C300&ssl=1 1.5x, https:\/\/i0.wp.com\/calmaylagom.eu\/wp-content\/uploads\/2023\/02\/co2_trend_all_gl.png?resize=700%2C400&ssl=1 2x"},"classes":[]},{"id":56,"url":"https:\/\/calmaylagom.eu\/index.php\/contact-us\/","url_meta":{"origin":138,"position":2},"title":"Contacta con el autor","author":"admin","date":"2021-08-08","format":false,"excerpt":"Gracias por visitar la web \u00a0","rel":"","context":"Similar post","block_context":{"text":"Similar post","link":""},"img":{"alt_text":"","src":"","width":0,"height":0},"classes":[]}],"jetpack_sharing_enabled":true,"jetpack_likes_enabled":true,"_links":{"self":[{"href":"https:\/\/calmaylagom.eu\/index.php\/wp-json\/wp\/v2\/pages\/138","targetHints":{"allow":["GET"]}}],"collection":[{"href":"https:\/\/calmaylagom.eu\/index.php\/wp-json\/wp\/v2\/pages"}],"about":[{"href":"https:\/\/calmaylagom.eu\/index.php\/wp-json\/wp\/v2\/types\/page"}],"author":[{"embeddable":true,"href":"https:\/\/calmaylagom.eu\/index.php\/wp-json\/wp\/v2\/users\/1"}],"replies":[{"embeddable":true,"href":"https:\/\/calmaylagom.eu\/index.php\/wp-json\/wp\/v2\/comments?post=138"}],"version-history":[{"count":2,"href":"https:\/\/calmaylagom.eu\/index.php\/wp-json\/wp\/v2\/pages\/138\/revisions"}],"predecessor-version":[{"id":383,"href":"https:\/\/calmaylagom.eu\/index.php\/wp-json\/wp\/v2\/pages\/138\/revisions\/383"}],"wp:attachment":[{"href":"https:\/\/calmaylagom.eu\/index.php\/wp-json\/wp\/v2\/media?parent=138"}],"curies":[{"name":"wp","href":"https:\/\/api.w.org\/{rel}","templated":true}]}}