{"id":2,"date":"2021-08-08T16:47:18","date_gmt":"2021-08-08T16:47:18","guid":{"rendered":"https:\/\/calmaylagom.eu\/?page_id=2"},"modified":"2021-08-10T14:13:50","modified_gmt":"2021-08-10T14:13:50","slug":"sample-page","status":"publish","type":"page","link":"https:\/\/calmaylagom.eu\/index.php\/sample-page\/","title":{"rendered":"Sobre el autor"},"content":{"rendered":"\n<p>Jos\u00e9 &#8211; Luis Guti\u00e9rrez Villanueva trabaja como especialista en la medida de gas rad\u00f3n en la empresa <a href=\"http:\/\/www.radonova.es\" target=\"_blank\" rel=\"noopener\">Radonova Laboratories AB<\/a> en Uppsala, Suecia.\u00a0<\/p>\n\t\t\n\t\t<p>\u00bfQu\u00e9 es lo que me interesa? pues muchas cosas adem\u00e1s de mi trabajo que me apasiona<\/p>\n<ul>\n<li>Fotograf\u00eda: una afici\u00f3n que me viene de lejos. Recuerdo en la carrera de Ciencias F\u00edsicas en la <a href=\"http:\/\/www.uva.es\" target=\"_blank\" rel=\"noopener\">UVa<\/a> en el tercer curso. La asignatura instrumentaci\u00f3n \u00f3ptica me permiti\u00f3 por primera vez revelar fotograf\u00edas en B\/N en laboratorio. Me parecio magia. Hoy en d\u00eda he retomado la afici\u00f3n y no uso anal\u00f3gico. Utilizo una <a href=\"https:\/\/store.canon.es\/canon-camara-canon-eos-4000d-objetivo-ef-s-18-55mm-iii\/3011C006\/\" target=\"_blank\" rel=\"noopener\">Canon EOS 4000D<\/a>. Pero soy muy pero que muy aficionado y con muchas ganas de aprender<\/li>\n<li><a href=\"https:\/\/sweden.se\/\" target=\"_blank\" rel=\"noopener\">Suecia<\/a>. As\u00ed de simple. El pa\u00eds me enamor\u00f3 la primera vez que lo pis\u00e9 en un mes de mayo de 2008.\u00a0<\/li>\n<li>La cocina vegana. Soy vegetariano desde julio de 2017 y vegano desde julio de 2019. Encontrar\u00e9is en la web mucha info al respecto que ir\u00e9 a\u00f1adiendo poco a poco. Pero por favor, antes de que d\u00e9is el paso informaros bien y de fuentes fiables. Se puede comer fatal siendo vegano y no siendo vegano. Un libro: <a href=\"https:\/\/www.casadellibro.com\/libro-vegetarianos-con-ciencia-dime-que-comes\/9788416002603\/2981280\" target=\"_blank\" rel=\"noopener\">Vegetarianos con-ciencia<\/a>\u00a0<\/li>\n<li>Adem\u00e1s, tambi\u00e9n hago mis pinitos en yoga y <a href=\"https:\/\/www.calm.com\/\" target=\"_blank\" rel=\"noopener\">mindfulness<\/a><\/li>\n<li>La m\u00fasica siempre me acompa\u00f1a a todas partes. Pod\u00e9is seguirme en mi cuenta de <a href=\"https:\/\/open.spotify.com\/user\/joseradon?si=fd771a59107b4a73\" target=\"_blank\" rel=\"noopener\">Spotify<\/a>.\u00a0<\/li>\n<li>Puedes saber m\u00e1s de mi en esta <a href=\"https:\/\/www.sepr.es\/profesionales\/seprotagonistas\/1947-jose-luis-gutierrez-villanueva\/file\" target=\"_blank\" rel=\"noopener\">entrevista<\/a> que me hizo la SEPR (Sociedad Espa\u00f1ola de Protecci\u00f3n Radiol\u00f3gica)<\/li>\n<li>Y mi familia &#8230; os adoro!\u00a0<\/li>\n<\/ul>\t\t\n\t\t<p>Y sobre mi trabajo, aqu\u00ed os dejo una peque\u00f1a bio:\u00a0<\/p>\nSoy doctor en Ciencias F\u00edsicas por la Universidad de Valladolid y me incorpor\u00e9 a\u00a0 la empresa sueca Radonova Laboratories AB en agosto de 2017. Anteriormente trabaj\u00e9 durante 15 a\u00f1os como investigador en las universidades de Valladolid, Uppsala y Cantabria. En julio de 2008 present\u00e9 mi tesis doctoral titulada <i>Radon concentrations in air, soil and water in a granitic area: instrumental development and measurements<\/i>. Estoy acreditado por ANECA en las figuras de Profesor Contratado Doctor y Ayudante Contratado Doctor. \nMi campo de investigaci\u00f3n es la medida de gas rad\u00f3n y radiactividad natural en general as\u00ed como el an\u00e1lisis de datos y t\u00e9cnicas estad\u00edsticas enfocadas al campo de la radiaci\u00f3n natural. \nMi actividad acad\u00e9mica comprende m\u00e1s de 25 publicaciones, la mayor\u00eda de ellas en revistas internacionales con revisi\u00f3n por pares. \nHe participado y participo en multitud de proyectos de investigaci\u00f3n nacionales e internacionales y he realizado un postdoc en la Universidad <a href=\"https:\/\/www.slu.se\/\" target=\"_blank\" rel=\"noopener\">SLU<\/a> de Uppsala, al igual que diversas estancias de investigaci\u00f3n en centros de Irlanda y Suiza y tambi\u00e9n he sido profesor en cursos de doctorado en el Institute of Nuclear Physics en Cracovia (Polonia).\u00a0\nSoy miembro fundador de ERA (European Radon Association) y pertenezco al Comit\u00e9 Ejecutivo de esta asociaci\u00f3n desde el a\u00f1o 2013 ejerciendo las labores de Secretario.\nTambi\u00e9n miembro de la <a href=\"https:\/\/rsef.es\/\" target=\"_blank\" rel=\"noopener\">RSEF (Real Sociedad Espa\u00f1ola de F\u00edsica)<\/a>, <a href=\"https:\/\/www.sepr.es\/\" target=\"_blank\" rel=\"noopener\">SEPR (Sociedad Espa\u00f1ola de Protecci\u00f3n Radiol\u00f3gica)<\/a>, <a href=\"https:\/\/eurados.sckcen.be\/\" target=\"_blank\" rel=\"noopener\">EURADOS (Grupo Europeo de Dosimetr\u00eda de la Radiaci\u00f3n)<\/a>, <a href=\"https:\/\/www.isiaq.org\/\" target=\"_blank\" rel=\"noopener\">ISIAQ (<\/a>International Society of Indoor Air Quality and Climate) y de la Sociedad sueca de Radioecolog\u00eda y la <a href=\"https:\/\/nsfs.org\/?lang=en\" target=\"_blank\" rel=\"noopener\">Sociedad N\u00f3rdica de Protecci\u00f3n Radiol\u00f3gica<\/a>.\nAdem\u00e1s colaboro como revisor de varias revistas de referencia en el campo de la radiaci\u00f3n natural y he dirigido una tesis doctoral y varios trabajos a nivel de master tanto en Espa\u00f1a como en Suecia.\n Igualmente participo como experto con la OIEA (organizaci\u00f3n internacional de la energ\u00eda at\u00f3mica) en misiones por todo el mundo relacionadas con la formaci\u00f3n en temas de rad\u00f3n y radiactividad natural.\nUno de mis \u00faltimos proyectos es ser editor-in-chief de la revista internacional con revisi\u00f3n por pares <a href=\"https:\/\/radonjournal.net\/index.php\/radon\" target=\"_blank\" rel=\"noopener\">JERA<\/a> (Journal of the European Radon Association)\t\t\n\t\t\t\t\t<a href=\"http:\/\/www.linkedin.com\/in\/joseluis-gutierrez-radonspecialist\" target=\"_blank\" rel=\"noopener\">\n\t\t\t\t\t\tLinkedin\n\t\t\t\t\t\t\t\t\t\t\t<\/a>\n\t\t\t\t\t<a href=\"https:\/\/twitter.com\/josechkarad\" target=\"_blank\" rel=\"noopener\">\n\t\t\t\t\t\tTwitter\n\t\t\t\t\t\t\t\t\t\t\t<\/a>\n\t\t\t\t\t<a href=\"https:\/\/www.youtube.com\/user\/JosechkaPepe\/about\" target=\"_blank\" rel=\"noopener\">\n\t\t\t\t\t\tYoutube\n\t\t\t\t\t\t\t\t\t\t\t<\/a>\n\t\t\t\t\t<a href=\"https:\/\/www.instagram.com\/albsol19\/\" target=\"_blank\" rel=\"noopener\">\n\t\t\t\t\t\tInstagram\n\t\t\t\t\t\t\t\t\t\t\t<\/a>","protected":false},"excerpt":{"rendered":"<p>Jos\u00e9 &#8211; Luis Guti\u00e9rrez Villanueva trabaja como especialista en la medida de gas rad\u00f3n en la empresa Radonova Laboratories AB en Uppsala, Suecia.\u00a0 \u00bfQu\u00e9 es lo que me interesa? pues muchas cosas adem\u00e1s de mi trabajo que me apasiona Fotograf\u00eda: una afici\u00f3n que me viene de lejos. Recuerdo en la carrera de Ciencias F\u00edsicas en [&hellip;]<\/p>\n","protected":false},"author":1,"featured_media":0,"parent":0,"menu_order":0,"comment_status":"closed","ping_status":"closed","template":"","meta":{"footnotes":""},"class_list":["post-2","page","type-page","status-publish","hentry"],"jetpack-related-posts":[{"id":472,"url":"https:\/\/calmaylagom.eu\/index.php\/emergencia-climatica\/","url_meta":{"origin":2,"position":0},"title":"emergencia clim\u00e1tica","author":"admin","date":"2023-02-05","format":false,"excerpt":"Media mensual global de CO2 He decidido a\u00f1adir esta p\u00e1gina a la web porque desde hace bastante tiempo estoy tremendamente interesado en el cambio clim\u00e1tico, o, mejor dicho, en la emergencia clim\u00e1tica. Poco a poco voy a ir a\u00f1adiendo contenido a la p\u00e1gina con referencias, im\u00e1genes, y todo el material\u2026","rel":"","context":"Similar post","block_context":{"text":"Similar post","link":""},"img":{"alt_text":"","src":"https:\/\/i0.wp.com\/calmaylagom.eu\/wp-content\/uploads\/2023\/02\/co2_trend_all_gl.png?resize=350%2C200&ssl=1","width":350,"height":200,"srcset":"https:\/\/i0.wp.com\/calmaylagom.eu\/wp-content\/uploads\/2023\/02\/co2_trend_all_gl.png?resize=350%2C200&ssl=1 1x, https:\/\/i0.wp.com\/calmaylagom.eu\/wp-content\/uploads\/2023\/02\/co2_trend_all_gl.png?resize=525%2C300&ssl=1 1.5x, https:\/\/i0.wp.com\/calmaylagom.eu\/wp-content\/uploads\/2023\/02\/co2_trend_all_gl.png?resize=700%2C400&ssl=1 2x"},"classes":[]},{"id":138,"url":"https:\/\/calmaylagom.eu\/","url_meta":{"origin":2,"position":1},"title":"Bienvenida","author":"admin","date":"2021-08-10","format":false,"excerpt":"Bienvenido a la web donde encontrar\u00e1s informaci\u00f3n sobre calma y lagom y sobre todo mucha m\u00e1s informaci\u00f3n sobre c\u00f3mo llevar un estilo de vida m\u00e1s saludable. La web est\u00e1 en continuo desarrollo as\u00ed que disculpa si encuentras errores o fallos. Si es as\u00ed, por favor comun\u00edcalo. De los errores se\u2026","rel":"","context":"Similar post","block_context":{"text":"Similar post","link":""},"img":{"alt_text":"","src":"","width":0,"height":0},"classes":[]},{"id":56,"url":"https:\/\/calmaylagom.eu\/index.php\/contact-us\/","url_meta":{"origin":2,"position":2},"title":"Contacta con el autor","author":"admin","date":"2021-08-08","format":false,"excerpt":"Gracias por visitar la web \u00a0","rel":"","context":"Similar post","block_context":{"text":"Similar post","link":""},"img":{"alt_text":"","src":"","width":0,"height":0},"classes":[]}],"jetpack_sharing_enabled":true,"jetpack_likes_enabled":true,"_links":{"self":[{"href":"https:\/\/calmaylagom.eu\/index.php\/wp-json\/wp\/v2\/pages\/2","targetHints":{"allow":["GET"]}}],"collection":[{"href":"https:\/\/calmaylagom.eu\/index.php\/wp-json\/wp\/v2\/pages"}],"about":[{"href":"https:\/\/calmaylagom.eu\/index.php\/wp-json\/wp\/v2\/types\/page"}],"author":[{"embeddable":true,"href":"https:\/\/calmaylagom.eu\/index.php\/wp-json\/wp\/v2\/users\/1"}],"replies":[{"embeddable":true,"href":"https:\/\/calmaylagom.eu\/index.php\/wp-json\/wp\/v2\/comments?post=2"}],"version-history":[{"count":49,"href":"https:\/\/calmaylagom.eu\/index.php\/wp-json\/wp\/v2\/pages\/2\/revisions"}],"predecessor-version":[{"id":137,"href":"https:\/\/calmaylagom.eu\/index.php\/wp-json\/wp\/v2\/pages\/2\/revisions\/137"}],"wp:attachment":[{"href":"https:\/\/calmaylagom.eu\/index.php\/wp-json\/wp\/v2\/media?parent=2"}],"curies":[{"name":"wp","href":"https:\/\/api.w.org\/{rel}","templated":true}]}}