{"id":472,"date":"2023-02-05T18:07:35","date_gmt":"2023-02-05T17:07:35","guid":{"rendered":"https:\/\/calmaylagom.eu\/?page_id=472"},"modified":"2023-02-05T18:24:51","modified_gmt":"2023-02-05T17:24:51","slug":"emergencia-climatica","status":"publish","type":"page","link":"https:\/\/calmaylagom.eu\/index.php\/emergencia-climatica\/","title":{"rendered":"emergencia clim\u00e1tica"},"content":{"rendered":"\n<div class=\"wp-block-media-text is-stacked-on-mobile is-vertically-aligned-center\"><figure class=\"wp-block-media-text__media\"><img data-recalc-dims=\"1\" loading=\"lazy\" decoding=\"async\" width=\"740\" height=\"555\" src=\"https:\/\/i0.wp.com\/calmaylagom.eu\/wp-content\/uploads\/2023\/02\/co2_trend_all_gl.png?resize=740%2C555&#038;ssl=1\" alt=\"\" class=\"wp-image-478 size-full\" srcset=\"https:\/\/i0.wp.com\/calmaylagom.eu\/wp-content\/uploads\/2023\/02\/co2_trend_all_gl.png?w=800&amp;ssl=1 800w, https:\/\/i0.wp.com\/calmaylagom.eu\/wp-content\/uploads\/2023\/02\/co2_trend_all_gl.png?resize=300%2C225&amp;ssl=1 300w, https:\/\/i0.wp.com\/calmaylagom.eu\/wp-content\/uploads\/2023\/02\/co2_trend_all_gl.png?resize=768%2C576&amp;ssl=1 768w\" sizes=\"auto, (max-width: 740px) 100vw, 740px\" \/><\/figure><div class=\"wp-block-media-text__content\">\n<p>Media mensual global de CO<sub>2<\/sub><\/p>\n<\/div><\/div>\n\n\n\n<p>He decidido a\u00f1adir esta p\u00e1gina a la web porque desde hace bastante tiempo estoy tremendamente interesado en el cambio clim\u00e1tico, o, mejor dicho, en la emergencia clim\u00e1tica.<\/p>\n\n\n\n<p>Poco a poco voy a ir a\u00f1adiendo contenido a la p\u00e1gina con referencias, im\u00e1genes, y todo el material que pueda ir aportando citando las fuentes. <\/p>\n\n\n\n<p>Para comenzar, la figura que ilustra esta p\u00e1gina es la media mensual del di\u00f3xido de carbono sobre la superficie marina. Est\u00e1 tomada de la web de <a rel=\"noreferrer noopener\" href=\"https:\/\/gml.noaa.gov\/ccgg\/trends\/global.html\" data-type=\"URL\" data-id=\"https:\/\/gml.noaa.gov\/ccgg\/trends\/global.html\" target=\"_blank\">NOAA\/Earth Research Laboratory<\/a>. Este laboratorio ha estado midiendo el di\u00f3xido de carbono y otros gases de efecto invernadero desde hace d\u00e9cadas usando una red global de estaciones de muestreo. <\/p>\n\n\n\n<p>El gr\u00e1fico muestra todos los a\u00f1os completos desde 1980. Los datos est\u00e1n en ppm o partes por mill\u00f3n. La l\u00ednea en rojo representa los valores medios mensuales en el d\u00eda central del mes. La l\u00ednea negra representa lo mismo pero corregido por el ciclo estacional. Esta l\u00ednea es una media m\u00f3vil de los \u00faltimos siete ciclos estacionales centrados en el mes que se corrige, excepto para el primero y los tres a\u00f1os y medio \u00faltimos de la serie donde la correcci\u00f3n se hace sobre el primero y los \u00faltimos siete a\u00f1os. <\/p>\n\n\n\n<p>En cualquier caso, lo que se observa claramente es el incremento en las emisiones de CO2 claramente. <\/p>\n\n\n\n<p><strong>Referencia<\/strong>: Lan, X., Tans, P. and K.W. Thoning: Trends in globally-averaged CO2 determined from NOAA Global Monitoring Laboratory measurements. Version 2023-01 NOAA\/GML (gml.noaa.gov\/ccgg\/trends\/)<\/p>\n\n\n\n<p><strong>M\u00e1s referencias<\/strong><\/p>\n\n\n\n<ul class=\"wp-block-list\">\n<li>A.P. Ballantyne, C.B. Alden, J.B. Miller, P.P. Tans, and J.W.C. White, (2012),&nbsp;<a href=\"http:\/\/www.nature.com\/nature\/journal\/v488\/n7409\/full\/nature11299.html\">Increase in observed net carbon dioxide uptake by land and oceans during the last 50 years,<\/a>&nbsp;<em>Nature<\/em>&nbsp;488, 70-72.<\/li>\n\n\n\n<li>T.J. Conway, P.P. Tans, L.S. Waterman, K.W. Thoning, D.R. Kitzis, K.A. Masarie, and N. Zhang, (1994),&nbsp;<a href=\"https:\/\/gml.noaa.gov\/publications\/showpub.php?pubid=2839\">Evidence of interannual variability of the carbon cycle from the NOAA\/CMDL global air sampling network,<\/a>&nbsp;<em>J. Geophys. Research,<\/em>&nbsp;vol. 99, 22831-22855<\/li>\n\n\n\n<li>K.A. Masarie, P.P. Tans, (1995),&nbsp;<a href=\"https:\/\/gml.noaa.gov\/publications\/showpub.php?pubid=2854\">Extension and integration of atmospheric carbon dioxide data into a globally consistent measurement record,<\/a>&nbsp;<em>J. Geopys. Research,<\/em>&nbsp;vol. 100, 11593-11610<\/li>\n<\/ul>\n\n\n\n<p><\/p>\n","protected":false},"excerpt":{"rendered":"<p>Media mensual global de CO2 He decidido a\u00f1adir esta p\u00e1gina a la web porque desde hace bastante tiempo estoy tremendamente interesado en el cambio clim\u00e1tico, o, mejor dicho, en la emergencia clim\u00e1tica. Poco a poco voy a ir a\u00f1adiendo contenido a la p\u00e1gina con referencias, im\u00e1genes, y todo el material que pueda ir aportando citando [&hellip;]<\/p>\n","protected":false},"author":1,"featured_media":0,"parent":0,"menu_order":0,"comment_status":"closed","ping_status":"closed","template":"","meta":{"footnotes":""},"class_list":["post-472","page","type-page","status-publish","hentry"],"jetpack-related-posts":[{"id":2,"url":"https:\/\/calmaylagom.eu\/index.php\/sample-page\/","url_meta":{"origin":472,"position":0},"title":"Sobre el autor","author":"admin","date":"2021-08-08","format":false,"excerpt":"Jos\u00e9 - Luis Guti\u00e9rrez Villanueva trabaja como especialista en la medida de gas rad\u00f3n en la empresa Radonova Laboratories AB en Uppsala, Suecia.\u00a0 \u00bfQu\u00e9 es lo que me interesa? pues muchas cosas adem\u00e1s de mi trabajo que me apasiona Fotograf\u00eda: una afici\u00f3n que me viene de lejos. Recuerdo en la\u2026","rel":"","context":"With 1 comment","block_context":{"text":"With 1 comment","link":"https:\/\/calmaylagom.eu\/index.php\/sample-page\/#comments"},"img":{"alt_text":"","src":"","width":0,"height":0},"classes":[]},{"id":138,"url":"https:\/\/calmaylagom.eu\/","url_meta":{"origin":472,"position":1},"title":"Bienvenida","author":"admin","date":"2021-08-10","format":false,"excerpt":"Bienvenido a la web donde encontrar\u00e1s informaci\u00f3n sobre calma y lagom y sobre todo mucha m\u00e1s informaci\u00f3n sobre c\u00f3mo llevar un estilo de vida m\u00e1s saludable. La web est\u00e1 en continuo desarrollo as\u00ed que disculpa si encuentras errores o fallos. Si es as\u00ed, por favor comun\u00edcalo. De los errores se\u2026","rel":"","context":"Similar post","block_context":{"text":"Similar post","link":""},"img":{"alt_text":"","src":"","width":0,"height":0},"classes":[]},{"id":56,"url":"https:\/\/calmaylagom.eu\/index.php\/contact-us\/","url_meta":{"origin":472,"position":2},"title":"Contacta con el autor","author":"admin","date":"2021-08-08","format":false,"excerpt":"Gracias por visitar la web \u00a0","rel":"","context":"Similar post","block_context":{"text":"Similar post","link":""},"img":{"alt_text":"","src":"","width":0,"height":0},"classes":[]}],"jetpack_sharing_enabled":true,"jetpack_likes_enabled":true,"_links":{"self":[{"href":"https:\/\/calmaylagom.eu\/index.php\/wp-json\/wp\/v2\/pages\/472","targetHints":{"allow":["GET"]}}],"collection":[{"href":"https:\/\/calmaylagom.eu\/index.php\/wp-json\/wp\/v2\/pages"}],"about":[{"href":"https:\/\/calmaylagom.eu\/index.php\/wp-json\/wp\/v2\/types\/page"}],"author":[{"embeddable":true,"href":"https:\/\/calmaylagom.eu\/index.php\/wp-json\/wp\/v2\/users\/1"}],"replies":[{"embeddable":true,"href":"https:\/\/calmaylagom.eu\/index.php\/wp-json\/wp\/v2\/comments?post=472"}],"version-history":[{"count":2,"href":"https:\/\/calmaylagom.eu\/index.php\/wp-json\/wp\/v2\/pages\/472\/revisions"}],"predecessor-version":[{"id":479,"href":"https:\/\/calmaylagom.eu\/index.php\/wp-json\/wp\/v2\/pages\/472\/revisions\/479"}],"wp:attachment":[{"href":"https:\/\/calmaylagom.eu\/index.php\/wp-json\/wp\/v2\/media?parent=472"}],"curies":[{"name":"wp","href":"https:\/\/api.w.org\/{rel}","templated":true}]}}