{"id":758,"date":"2026-01-21T19:04:22","date_gmt":"2026-01-21T18:04:22","guid":{"rendered":"https:\/\/calmaylagom.eu\/?page_id=758"},"modified":"2026-01-24T18:07:11","modified_gmt":"2026-01-24T17:07:11","slug":"radon-spirit","status":"publish","type":"page","link":"https:\/\/calmaylagom.eu\/index.php\/radon-spirit\/","title":{"rendered":"Radon &#8211; SPIRIT"},"content":{"rendered":"\n<iframe\n  src=https:\/\/online.radonova.com\/mypages\/dashboard\/#\/dashboards\/5LSRAOOXPZ\n  width=\"100%\"\n  height=\"800\"\n  style=\"border: none;\"\n  loading=\"lazy\"\n  allowfullscreen\n><\/iframe>\n","protected":false},"excerpt":{"rendered":"","protected":false},"author":1,"featured_media":0,"parent":0,"menu_order":0,"comment_status":"closed","ping_status":"closed","template":"","meta":{"footnotes":""},"class_list":["post-758","page","type-page","status-publish","hentry"],"jetpack-related-posts":[{"id":2,"url":"https:\/\/calmaylagom.eu\/index.php\/sample-page\/","url_meta":{"origin":758,"position":0},"title":"Sobre el autor","author":"admin","date":"2021-08-08","format":false,"excerpt":"Jos\u00e9 - Luis Guti\u00e9rrez Villanueva trabaja como especialista en la medida de gas rad\u00f3n en la empresa Radonova Laboratories AB en Uppsala, Suecia.\u00a0 \u00bfQu\u00e9 es lo que me interesa? pues muchas cosas adem\u00e1s de mi trabajo que me apasiona Fotograf\u00eda: una afici\u00f3n que me viene de lejos. Recuerdo en la\u2026","rel":"","context":"With 1 comment","block_context":{"text":"With 1 comment","link":"https:\/\/calmaylagom.eu\/index.php\/sample-page\/#comments"},"img":{"alt_text":"","src":"","width":0,"height":0},"classes":[]}],"jetpack_sharing_enabled":true,"jetpack_likes_enabled":true,"_links":{"self":[{"href":"https:\/\/calmaylagom.eu\/index.php\/wp-json\/wp\/v2\/pages\/758","targetHints":{"allow":["GET"]}}],"collection":[{"href":"https:\/\/calmaylagom.eu\/index.php\/wp-json\/wp\/v2\/pages"}],"about":[{"href":"https:\/\/calmaylagom.eu\/index.php\/wp-json\/wp\/v2\/types\/page"}],"author":[{"embeddable":true,"href":"https:\/\/calmaylagom.eu\/index.php\/wp-json\/wp\/v2\/users\/1"}],"replies":[{"embeddable":true,"href":"https:\/\/calmaylagom.eu\/index.php\/wp-json\/wp\/v2\/comments?post=758"}],"version-history":[{"count":2,"href":"https:\/\/calmaylagom.eu\/index.php\/wp-json\/wp\/v2\/pages\/758\/revisions"}],"predecessor-version":[{"id":763,"href":"https:\/\/calmaylagom.eu\/index.php\/wp-json\/wp\/v2\/pages\/758\/revisions\/763"}],"wp:attachment":[{"href":"https:\/\/calmaylagom.eu\/index.php\/wp-json\/wp\/v2\/media?parent=758"}],"curies":[{"name":"wp","href":"https:\/\/api.w.org\/{rel}","templated":true}]}}